{"id":141,"date":"2020-08-20T18:35:13","date_gmt":"2020-08-20T16:35:13","guid":{"rendered":"https:\/\/www.obchodovaniescinou.sk\/startseite\/"},"modified":"2020-08-20T19:42:39","modified_gmt":"2020-08-20T17:42:39","slug":"startseite","status":"publish","type":"page","link":"https:\/\/www.obchodovaniescinou.sk\/de\/","title":{"rendered":"Startseite"},"content":{"rendered":"<!--themify_builder_content-->\n<div id=\"themify_builder_content-141\" data-postid=\"141\" class=\"themify_builder_content themify_builder_content-141 themify_builder tf_clear\">\n    \t\t\t\t<div  data-parallax-bg=\"desktop\" data-lazy=\"1\" class=\"module_row themify_builder_row tb_0kos982 tb_first tf_w\">\n\t\t\t\t\t\t<div class=\"row_inner col_align_top tb_col_count_1 tf_box tf_rel\">\n\t\t\t\t\t\t<div  data-lazy=\"1\" class=\"module_column tb-column col-full tb_6zic983 first\">\n\t\t\t\t\t<!-- module text -->\n<div  class=\"module module-text tb_pjwl983  repeat \" data-lazy=\"1\">\n\t    <div  class=\"tb_text_wrap\">\n\t\t<h2 style=\"text-align: center;\">UMFASSENDE DIENSTLEISTUNGEN F\u00dcR HANDEL MIT CHINA UND ASIEN (EXPORT-IMPORT)<\/h2>    <\/div>\n<\/div>\n<!-- \/module text -->\t\t<div  data-lazy=\"1\" class=\"module_subrow themify_builder_sub_row tf_w col_align_top tb_col_count_2 tb_1whq984\">\n\t\t\t\t<div  data-lazy=\"1\" class=\"module_column sub_column col4-2 tb_x7fp984 first\">\n\t\t\t\t\t<!-- module image -->\n<div  class=\"module module-image tb_myye984 image-center   tf_mw\" data-lazy=\"1\">\n        <div class=\"image-wrap tf_rel tf_mw\">\n\t\t    <img loading=\"lazy\" decoding=\"async\" width=\"1200\" height=\"683\" src=\"https:\/\/www.obchodovaniescinou.sk\/wp-content\/uploads\/2020\/05\/Dovoz-kontajnera-z-\u010c\u00edny.jpg\" class=\"wp-post-image wp-image-201\" title=\"Dovoz kontajnera z \u010c\u00edny\" alt=\"Dovoz kontajnera z \u010c\u00edny\" srcset=\"https:\/\/www.obchodovaniescinou.sk\/wp-content\/uploads\/2020\/05\/Dovoz-kontajnera-z-\u010c\u00edny.jpg 1200w, https:\/\/www.obchodovaniescinou.sk\/wp-content\/uploads\/2020\/05\/Dovoz-kontajnera-z-\u010c\u00edny-300x171.jpg 300w, https:\/\/www.obchodovaniescinou.sk\/wp-content\/uploads\/2020\/05\/Dovoz-kontajnera-z-\u010c\u00edny-1024x583.jpg 1024w, https:\/\/www.obchodovaniescinou.sk\/wp-content\/uploads\/2020\/05\/Dovoz-kontajnera-z-\u010c\u00edny-768x437.jpg 768w\" sizes=\"(max-width: 1200px) 100vw, 1200px\" \/>\t\n\t\t<\/div>\n\t<!-- \/image-wrap -->\n    \n    \t<\/div>\n<!-- \/module image --><!-- module text -->\n<div  class=\"module module-text tb_m8i5985  repeat \" data-lazy=\"1\">\n\t    <div  class=\"tb_text_wrap\">\n\t\t<h2 style=\"text-align: center;\">IMPORTIEREN AUS CHINA UND ASIEN<\/h2>\r\n<p>Wir organisieren Ihren ganzen Importprozess, ohne dass Sie sich um die Kommunikation mit chinesischen oder asiatischen Herstellern, die Zertifizierung der Waren, den Transport oder die Zollabfertigung k\u00fcmmern m\u00fcssen. Wir pr\u00fcfen Ihre Waren direkt im Lager des Herstellers in China und Asien. Wir \u00fcbernehmen die Zahlungen f\u00fcr die Waren nach Asien und liefern die Waren direkt in Ihren Lager in Europa. Wir bieten auch \u00dcberpr\u00fcfungsdienste der chinesische und asiatische Herstellern sowie viele andere Dienste im Zusammenhang mit dem Import aus China und Asien an.\u00a0<\/p>    <\/div>\n<\/div>\n<!-- \/module text --><!-- module buttons -->\n<div  class=\"module module-buttons tb_jvth985 buttons-horizontal solid  xlarge squared\" data-lazy=\"1\">\n\t\t<div class=\"module-buttons-item tf_in_flx\">\n\t\t\t\t\t\t<a href=\"https:\/\/www.dovoz-z-ciny.sk\/\" class=\"ui builder_button tf_in_flx tb_default_color\" target=\"_blank\" rel=\"noopener\">\n\t\t\t\t\t\t\t\t\t\t\t\tIMPORT\t\t\t\t\t\t\t\t\t\t<\/a>\n\t\t\t\t<\/div>\n\t\t\t<\/div>\n<!-- \/module buttons -->\n\t\t<\/div>\n\t\t\t\t\t<div  data-lazy=\"1\" class=\"module_column sub_column col4-2 tb_u7j5985 last\">\n\t\t\t\t\t<!-- module image -->\n<div  class=\"module module-image tb_eurp985 image-center   auto_fullwidth tf_mw\" data-lazy=\"1\">\n        <div class=\"image-wrap tf_rel tf_mw\">\n\t\t    <img loading=\"lazy\" decoding=\"async\" width=\"1024\" height=\"576\" src=\"https:\/\/www.obchodovaniescinou.sk\/wp-content\/uploads\/2020\/05\/vyvoz-do-\u010c\u00edny.jpg\" class=\"wp-post-image wp-image-204\" title=\"vyvoz-do-\u010c\u00edny\" alt=\"vyvoz-do-\u010c\u00edny\" srcset=\"https:\/\/www.obchodovaniescinou.sk\/wp-content\/uploads\/2020\/05\/vyvoz-do-\u010c\u00edny.jpg 1024w, https:\/\/www.obchodovaniescinou.sk\/wp-content\/uploads\/2020\/05\/vyvoz-do-\u010c\u00edny-300x169.jpg 300w, https:\/\/www.obchodovaniescinou.sk\/wp-content\/uploads\/2020\/05\/vyvoz-do-\u010c\u00edny-768x432.jpg 768w\" sizes=\"(max-width: 1024px) 100vw, 1024px\" \/>\t\n\t\t<\/div>\n\t<!-- \/image-wrap -->\n    \n    \t<\/div>\n<!-- \/module image --><!-- module text -->\n<div  class=\"module module-text tb_0dw6985  repeat \" data-lazy=\"1\">\n\t    <div  class=\"tb_text_wrap\">\n\t\t<h2 style=\"text-align: center;\">EXPORTIEREN NACH CHINA UND ASIEN<\/h2>\r\n<p>Wir bieten eine breite Palette von Dienstleistungen im Zusammenhang mit dem Export nach China. Wir werden eine Marktanalyse \u00fcber den chinesischen Markt in dem Segment durchf\u00fchren, in dem Sie gesch\u00e4ftlich t\u00e4tig sind. Wir werden das Potenzial Ihres Produktportfolios auf dem chinesischen Markt bewerten. Wir werden chinesische K\u00e4ufer f\u00fcr Ihre Waren finden, Ihre Produkte und Ihr Unternehmen in chinesischen sozialen Netzwerken bewerben und den gesamten Exportprozess Ihrer Produkte nach China abwickeln, einschlie\u00dflich Versand, Zollabfertigung und Beziehungsmanagement mit chinesischen Kunden. W\u00e4hrend wir uns auf den Export nach China specializieren, anbieten wir auch L\u00f6sungen f\u00fcr andere asiatische L\u00e4nder.\u00a0<\/p>    <\/div>\n<\/div>\n<!-- \/module text --><!-- module buttons -->\n<div  class=\"module module-buttons tb_nhoj391 buttons-horizontal solid  xlarge squared\" data-lazy=\"1\">\n\t\t<div class=\"module-buttons-item tf_in_flx\">\n\t\t\t\t\t\t<a href=\"https:\/\/www.vyvoz-do-ciny.sk\/\" class=\"ui builder_button tf_in_flx tb_default_color\" target=\"_blank\" rel=\"noopener\">\n\t\t\t\t\t\t\t\t\t\t\t\tEXPORT\t\t\t\t\t\t\t\t\t\t<\/a>\n\t\t\t\t<\/div>\n\t\t\t<\/div>\n<!-- \/module buttons -->\n\t\t<\/div>\n\t\t\t\t\t<\/div>\n\t\t\t\t<\/div>\n\t\t\t\t\t\t<\/div>\n\t\t<\/div>\n\t\t\t\t\t\t<div  data-css_id=\"g52r349\" data-lazy=\"1\" class=\"module_row themify_builder_row fullwidth_row_container tb_g52r349 tf_w\">\n\t\t\t\t\t\t<div class=\"row_inner col_align_top tb_col_count_3 tf_box tf_rel\">\n\t\t\t\t\t\t<div  data-lazy=\"1\" class=\"module_column tb-column col3-1 tb_hxep376 first\">\n\t\t\t\t\t\t\t<div  data-lazy=\"1\" class=\"module_subrow themify_builder_sub_row tf_w gutter-none col_align_top tb_col_count_2 tb_44c0377\">\n\t\t\t\t<div  data-lazy=\"1\" class=\"module_column sub_column col3-1 tb_tvl0377 first\">\n\t\t\t\t\t<!-- module icon -->\n<div  class=\"module module-icon tb_s4ix377  xlarge none icon_horizontal tf_textl\" data-lazy=\"1\">\n\t\t\t<div class=\"module-icon-item\">\n\t\t\t\t\t\t\t<a href=\"https:\/\/www.linkedin.com\/in\/michaela-kralovicova-4b9024b0\" target=\"_blank\" rel=\"noopener\">\n\t\t\t\t\t\t\t\t\t\t\t\t\t\t\t\t\t<em class=\"tf_boxtransparent\"><svg  class=\"tf_fa tf-ti-linkedin\" aria-hidden=\"true\"><use href=\"#tf-ti-linkedin\"><\/use><\/svg><\/em>\n\t\t\t\t\t\t\t\t\t\t\t\t\t\t\t\t<\/a>\n\t\t\t\t\t<\/div>\n\t<\/div>\n<!-- \/module icon -->\n\t\t<\/div>\n\t\t\t\t\t<div  data-lazy=\"1\" class=\"module_column sub_column col3-2 tb_5aec377 last\">\n\t\t\t\t\t<!-- module text -->\n<div  class=\"module module-text tb_edrd377  repeat \" data-lazy=\"1\">\n\t    <div  class=\"tb_text_wrap\">\n\t\t<h3><a href=\"https:\/\/www.linkedin.com\/company\/obchodovanie-s-cinou-a-aziou\/\" target=\"_blank\" rel=\"noopener\"><strong>INFINITY STANDARD<\/strong><\/a><\/h3>    <\/div>\n<\/div>\n<!-- \/module text -->\t\t<\/div>\n\t\t\t\t\t<\/div>\n\t\t\t\t<\/div>\n\t\t\t\t\t<div  data-lazy=\"1\" class=\"module_column tb-column col3-1 tb_hhs3377\">\n\t\t\t\t\t\t\t<div  data-lazy=\"1\" class=\"module_subrow themify_builder_sub_row tf_w gutter-none col_align_top tb_col_count_2 tb_pzm4377\">\n\t\t\t\t<div  data-lazy=\"1\" class=\"module_column sub_column col3-1 tb_jdch377 first\">\n\t\t\t\t\t<!-- module icon -->\n<div  class=\"module module-icon tb_ztlu378  xlarge none icon_horizontal tf_textl\" data-lazy=\"1\">\n\t\t\t<div class=\"module-icon-item\">\n\t\t\t\t\t\t\t\t\t\t\t\t\t\t\t\t<em class=\"tf_boxtb_default_color\"><svg  class=\"tf_fa tf-ti-headphone-alt\" aria-hidden=\"true\"><use href=\"#tf-ti-headphone-alt\"><\/use><\/svg><\/em>\n\t\t\t\t\t\t\t\t\t\t\t\t\t\t<\/div>\n\t<\/div>\n<!-- \/module icon -->\n\t\t<\/div>\n\t\t\t\t\t<div  data-lazy=\"1\" class=\"module_column sub_column col3-2 tb_dti9378 last\">\n\t\t\t\t\t<!-- module text -->\n<div  class=\"module module-text tb_v3m3378  repeat \" data-lazy=\"1\">\n\t    <div  class=\"tb_text_wrap\">\n\t\t<h4 style=\"text-align: left;\"><a href=\"tel:00421948369124\">00421948369124<\/a><\/h4>    <\/div>\n<\/div>\n<!-- \/module text -->\t\t<\/div>\n\t\t\t\t\t<\/div>\n\t\t\t\t<\/div>\n\t\t\t\t\t<div  data-lazy=\"1\" class=\"module_column tb-column col3-1 tb_zkmv378 last\">\n\t\t\t\t\t\t\t<div  data-lazy=\"1\" class=\"module_subrow themify_builder_sub_row tf_w gutter-none col_align_top tb_col_count_2 tb_o9t9378\">\n\t\t\t\t<div  data-lazy=\"1\" class=\"module_column sub_column col3-1 tb_va6r378 first\">\n\t\t\t\t\t<!-- module icon -->\n<div  class=\"module module-icon tb_k430378  xlarge none icon_horizontal tf_textl\" data-lazy=\"1\">\n\t\t\t<div class=\"module-icon-item\">\n\t\t\t\t\t\t\t\t\t\t\t\t\t\t\t\t<em class=\"tf_boxtb_default_color\"><svg  class=\"tf_fa tf-ti-email\" aria-hidden=\"true\"><use href=\"#tf-ti-email\"><\/use><\/svg><\/em>\n\t\t\t\t\t\t\t\t\t\t\t\t\t\t<\/div>\n\t<\/div>\n<!-- \/module icon -->\n\t\t<\/div>\n\t\t\t\t\t<div  data-lazy=\"1\" class=\"module_column sub_column col3-2 tb_veyp380 last\">\n\t\t\t\t\t<!-- module text -->\n<div  class=\"module module-text tb_nn0w380  repeat \" data-lazy=\"1\">\n\t    <div  class=\"tb_text_wrap\">\n\t\t<h4>MICHAELA@INFINITYSTANDARD.SK<\/h4>    <\/div>\n<\/div>\n<!-- \/module text -->\t\t<\/div>\n\t\t\t\t\t<\/div>\n\t\t\t\t<\/div>\n\t\t\t\t\t\t<\/div>\n\t\t<\/div>\n\t\t<\/div>\n<!--\/themify_builder_content-->","protected":false},"excerpt":{"rendered":"<p>KOMPLETN\u00c9 SLU\u017dBY OBCHODOVANIA S \u010c\u00cdNOU A \u00c1ZIOU (EXPORT-IMPORT) DOVOZ Z \u010c\u00cdNY A \u00c1ZIE Vybav\u00edme za v\u00e1s komunik\u00e1ciu s \u010d\u00ednskym a \u00e1zijsk\u00fdm dod\u00e1vate\u013eom, kontrolu tovaru priamo u dod\u00e1vate\u013ea v \u010c\u00edne a \u00c1zii, prepravu tovaru z \u010c\u00edny a \u00c1zie a jeho preclenie spolu s \u010fal\u0161\u00edmi slu\u017ebami spojen\u00fdmi s va\u0161im dovozom tovaru z \u010c\u00edny alebo in\u00fdch \u00e1zijsk\u00fdch kraj\u00edn. [&hellip;]<\/p>\n","protected":false},"author":2,"featured_media":0,"parent":0,"menu_order":0,"comment_status":"closed","ping_status":"closed","template":"","meta":{"footnotes":""},"builder_content":"<h2 style=\"text-align: center;\">UMFASSENDE DIENSTLEISTUNGEN F\u00dcR HANDEL MIT CHINA UND ASIEN (EXPORT-IMPORT)<\/h2>\n<img src=\"https:\/\/www.obchodovaniescinou.sk\/wp-content\/uploads\/2020\/05\/Dovoz-kontajnera-z-\u010c\u00edny.jpg\" title=\"Dovoz kontajnera z \u010c\u00edny\" alt=\"Dovoz kontajnera z \u010c\u00edny\" srcset=\"https:\/\/www.obchodovaniescinou.sk\/wp-content\/uploads\/2020\/05\/Dovoz-kontajnera-z-\u010c\u00edny.jpg 1200w, https:\/\/www.obchodovaniescinou.sk\/wp-content\/uploads\/2020\/05\/Dovoz-kontajnera-z-\u010c\u00edny-300x171.jpg 300w, https:\/\/www.obchodovaniescinou.sk\/wp-content\/uploads\/2020\/05\/Dovoz-kontajnera-z-\u010c\u00edny-1024x583.jpg 1024w, https:\/\/www.obchodovaniescinou.sk\/wp-content\/uploads\/2020\/05\/Dovoz-kontajnera-z-\u010c\u00edny-768x437.jpg 768w\" sizes=\"(max-width: 1200px) 100vw, 1200px\" \/>\n<h2 style=\"text-align: center;\">IMPORTIEREN AUS CHINA UND ASIEN<\/h2>\n<p>Wir organisieren Ihren ganzen Importprozess, ohne dass Sie sich um die Kommunikation mit chinesischen oder asiatischen Herstellern, die Zertifizierung der Waren, den Transport oder die Zollabfertigung k\u00fcmmern m\u00fcssen. Wir pr\u00fcfen Ihre Waren direkt im Lager des Herstellers in China und Asien. Wir \u00fcbernehmen die Zahlungen f\u00fcr die Waren nach Asien und liefern die Waren direkt in Ihren Lager in Europa. Wir bieten auch \u00dcberpr\u00fcfungsdienste der chinesische und asiatische Herstellern sowie viele andere Dienste im Zusammenhang mit dem Import aus China und Asien an.\u00a0<\/p>\n<a href=\"https:\/\/www.dovoz-z-ciny.sk\/\" > IMPORT <\/a>\n<img src=\"https:\/\/www.obchodovaniescinou.sk\/wp-content\/uploads\/2020\/05\/vyvoz-do-\u010c\u00edny.jpg\" title=\"vyvoz-do-\u010c\u00edny\" alt=\"vyvoz-do-\u010c\u00edny\" srcset=\"https:\/\/www.obchodovaniescinou.sk\/wp-content\/uploads\/2020\/05\/vyvoz-do-\u010c\u00edny.jpg 1024w, https:\/\/www.obchodovaniescinou.sk\/wp-content\/uploads\/2020\/05\/vyvoz-do-\u010c\u00edny-300x169.jpg 300w, https:\/\/www.obchodovaniescinou.sk\/wp-content\/uploads\/2020\/05\/vyvoz-do-\u010c\u00edny-768x432.jpg 768w\" sizes=\"(max-width: 1024px) 100vw, 1024px\" \/>\n<h2 style=\"text-align: center;\">EXPORTIEREN NACH CHINA UND ASIEN<\/h2>\n<p>Wir bieten eine breite Palette von Dienstleistungen im Zusammenhang mit dem Export nach China. Wir werden eine Marktanalyse \u00fcber den chinesischen Markt in dem Segment durchf\u00fchren, in dem Sie gesch\u00e4ftlich t\u00e4tig sind. Wir werden das Potenzial Ihres Produktportfolios auf dem chinesischen Markt bewerten. Wir werden chinesische K\u00e4ufer f\u00fcr Ihre Waren finden, Ihre Produkte und Ihr Unternehmen in chinesischen sozialen Netzwerken bewerben und den gesamten Exportprozess Ihrer Produkte nach China abwickeln, einschlie\u00dflich Versand, Zollabfertigung und Beziehungsmanagement mit chinesischen Kunden. W\u00e4hrend wir uns auf den Export nach China specializieren, anbieten wir auch L\u00f6sungen f\u00fcr andere asiatische L\u00e4nder.\u00a0<\/p>\n<a href=\"https:\/\/www.vyvoz-do-ciny.sk\/\" > EXPORT <\/a>\n<a href=\"https:\/\/www.linkedin.com\/in\/michaela-kralovicova-4b9024b0\"> <em><svg aria-hidden=\"true\"><use href=\"#tf-ti-linkedin\"><\/use><\/svg><\/em> <\/a>\n<h3><a href=\"https:\/\/www.linkedin.com\/company\/obchodovanie-s-cinou-a-aziou\/\"><strong>INFINITY STANDARD<\/strong><\/a><\/h3>\n<em><svg aria-hidden=\"true\"><use href=\"#tf-ti-headphone-alt\"><\/use><\/svg><\/em>\n<h4 style=\"text-align: left;\"><a href=\"tel:00421948369124\">00421948369124<\/a><\/h4>\n<em><svg aria-hidden=\"true\"><use href=\"#tf-ti-email\"><\/use><\/svg><\/em>\n<h4>MICHAELA@INFINITYSTANDARD.SK<\/h4>","_links":{"self":[{"href":"https:\/\/www.obchodovaniescinou.sk\/de\/wp-json\/wp\/v2\/pages\/141"}],"collection":[{"href":"https:\/\/www.obchodovaniescinou.sk\/de\/wp-json\/wp\/v2\/pages"}],"about":[{"href":"https:\/\/www.obchodovaniescinou.sk\/de\/wp-json\/wp\/v2\/types\/page"}],"author":[{"embeddable":true,"href":"https:\/\/www.obchodovaniescinou.sk\/de\/wp-json\/wp\/v2\/users\/2"}],"replies":[{"embeddable":true,"href":"https:\/\/www.obchodovaniescinou.sk\/de\/wp-json\/wp\/v2\/comments?post=141"}],"version-history":[{"count":5,"href":"https:\/\/www.obchodovaniescinou.sk\/de\/wp-json\/wp\/v2\/pages\/141\/revisions"}],"predecessor-version":[{"id":147,"href":"https:\/\/www.obchodovaniescinou.sk\/de\/wp-json\/wp\/v2\/pages\/141\/revisions\/147"}],"wp:attachment":[{"href":"https:\/\/www.obchodovaniescinou.sk\/de\/wp-json\/wp\/v2\/media?parent=141"}],"curies":[{"name":"wp","href":"https:\/\/api.w.org\/{rel}","templated":true}]}}